{"id":1947,"date":"2021-01-24T18:39:50","date_gmt":"2021-01-24T18:39:50","guid":{"rendered":"http:\/\/cria.igpdebenlloch.com\/?page_id=1947"},"modified":"2021-08-20T18:09:13","modified_gmt":"2021-08-20T18:09:13","slug":"temas","status":"publish","type":"page","link":"https:\/\/cria.igpdebenlloch.com\/index.php\/temas\/","title":{"rendered":"Temas"},"content":{"rendered":"\n<p class=\"has-text-align-center\">Temas varios del mundo del perro<\/p>\n\n\n\n<div id=\"\" class=\"wp-block-cwp-advantages cwp-common-main-wrap cwp-full-width-wide-container\"><div class=\"cwp-common-main-wrap-inner\" style=\"padding-top:50px;padding-bottom:50px\" data-scroll-delay=\"10\" data-scroll-threshold=\"40\"><div class=\"cwp-main-wrapper cwp-3-column\"><div class=\"cwp-inner-wrap\"><div class=\"cwp-content-wrap\"><div class=\"cwp-image\"><a href=\"https:\/\/cria.igpdebenlloch.com\/index.php\/cachorros\/\" target=\"_self\" rel=\"noopener noreferrer\"><img decoding=\"async\" src=\"https:\/\/cria.igpdebenlloch.com\/wp-content\/uploads\/2021\/01\/puppy-dog-pet-1903313.jpg\"\/><\/a><\/div><div class=\"cwp-content\"><a href=\"https:\/\/cria.igpdebenlloch.com\/index.php\/cachorros\/\" target=\"_self\" rel=\"noopener noreferrer\"><h3>Estimulaci\u00f3n temprana<\/h3><p>T\u00e9cnicas para cachorros reci\u00e9n nacidos, desde el tercer d\u00eda hasta el decimoctavo.<\/p><\/a><div class=\"cwp-button-wrap\"><a class=\"cwp-button cwp-button-primary\" href=\"https:\/\/cria.igpdebenlloch.com\/index.php\/cachorros\/\" target=\"_self\" rel=\"noopener noreferrer\">Ver m\u00e1s<\/a><\/div><\/div><\/div><\/div><div class=\"cwp-inner-wrap\"><div class=\"cwp-content-wrap\"><div class=\"cwp-image\"><a href=\"https:\/\/cria.igpdebenlloch.com\/index.php\/cachorros-2\/\" target=\"_self\" rel=\"noopener noreferrer\"><img decoding=\"async\" src=\"https:\/\/cria.igpdebenlloch.com\/wp-content\/uploads\/2021\/01\/animal-bulldog-canine-1846380.jpg\"\/><\/a><\/div><div class=\"cwp-content\"><a href=\"https:\/\/cria.igpdebenlloch.com\/index.php\/cachorros-2\/\" target=\"_self\" rel=\"noopener noreferrer\"><h3>Socializar cachorros<\/h3><p>Justo despu\u00e9s de la estimulaci\u00f3n temprana, hacia el decimoctavo d\u00eda hay que empezar con esto.<\/p><\/a><div class=\"cwp-button-wrap\"><a class=\"cwp-button cwp-button-primary\" href=\"https:\/\/cria.igpdebenlloch.com\/index.php\/cachorros-2\/\" target=\"_self\" rel=\"noopener noreferrer\">Ver m\u00e1s<\/a><\/div><\/div><\/div><\/div><div class=\"cwp-inner-wrap\"><div class=\"cwp-content-wrap\"><div class=\"cwp-image\"><a href=\"https:\/\/cria.igpdebenlloch.com\/index.php\/enriquecimiento-ambiental-3\/\" target=\"_self\" rel=\"noopener noreferrer\"><img decoding=\"async\" src=\"https:\/\/cria.igpdebenlloch.com\/wp-content\/uploads\/2021\/01\/dogs-pets-animals-4477058.jpg\"\/><\/a><\/div><div class=\"cwp-content\"><a href=\"https:\/\/cria.igpdebenlloch.com\/index.php\/enriquecimiento-ambiental-3\/\" target=\"_self\" rel=\"noopener noreferrer\"><h3>Enriquece Ambiente<\/h3><p>Enriquecimiento Ambiental(EA), son est\u00edmulos para un bienestar ps\u00edquico y fisiol\u00f3gico.<\/p><\/a><div class=\"cwp-button-wrap\"><a class=\"cwp-button cwp-button-primary\" href=\"https:\/\/cria.igpdebenlloch.com\/index.php\/enriquecimiento-ambiental-3\/\" target=\"_self\" rel=\"noopener noreferrer\">Ver m\u00e1s<\/a><\/div><\/div><\/div><\/div><\/div><\/div><\/div>\n\n\n\n<div id=\"\" class=\"wp-block-cwp-advantages cwp-common-main-wrap cwp-full-width-wide-container\"><div class=\"cwp-common-main-wrap-inner\" style=\"padding-top:50px;padding-bottom:50px\" data-scroll-delay=\"10\" data-scroll-threshold=\"40\"><div class=\"cwp-main-wrapper cwp-3-column\"><div class=\"cwp-inner-wrap\"><div class=\"cwp-content-wrap\"><div class=\"cwp-image\"><a href=\"https:\/\/cria.igpdebenlloch.com\/index.php\/reactividad-con-perros-3\/\" target=\"_self\" rel=\"noopener noreferrer\"><img decoding=\"async\" src=\"https:\/\/cria.igpdebenlloch.com\/wp-content\/uploads\/2021\/01\/dog-waiting-shadows-1149188.jpg\"\/><\/a><\/div><div class=\"cwp-content\"><a href=\"https:\/\/cria.igpdebenlloch.com\/index.php\/reactividad-con-perros-3\/\" target=\"_self\" rel=\"noopener noreferrer\"><h3>Reactividad con perros<\/h3><p>Reacciona de forma exagerada a lo que ocurre a su alrededor. No es capaz de gestionar reacciones cotidianas.<\/p><\/a><div class=\"cwp-button-wrap\"><a class=\"cwp-button cwp-button-primary\" href=\"https:\/\/cria.igpdebenlloch.com\/index.php\/reactividad-con-perros-3\/\" target=\"_self\" rel=\"noopener noreferrer\">Ver m\u00e1s<\/a><\/div><\/div><\/div><\/div><div class=\"cwp-inner-wrap\"><div class=\"cwp-content-wrap\"><div class=\"cwp-image\"><a href=\"https:\/\/cria.igpdebenlloch.com\/index.php\/analisis-2\/\" target=\"_self\" rel=\"noopener noreferrer\"><img decoding=\"async\" src=\"https:\/\/cria.igpdebenlloch.com\/wp-content\/uploads\/2021\/08\/El-perro-de-Pavlov.jpg\"\/><\/a><\/div><div class=\"cwp-content\"><a href=\"https:\/\/cria.igpdebenlloch.com\/index.php\/analisis-2\/\" target=\"_self\" rel=\"noopener noreferrer\"><h3>Analisis Funcional<\/h3><p>Primeros pasos en el An\u00e1lisis Funcional de Mariona Monros.<\/p><\/a><div class=\"cwp-button-wrap\"><a class=\"cwp-button cwp-button-primary\" href=\"https:\/\/cria.igpdebenlloch.com\/index.php\/analisis-2\/\" target=\"_self\" rel=\"noopener noreferrer\">Ver m\u00e1s<\/a><\/div><\/div><\/div><\/div><div class=\"cwp-inner-wrap\"><div class=\"cwp-content-wrap\"><div class=\"cwp-content\"><span><h3><\/h3><\/span><\/div><\/div><\/div><\/div><\/div><\/div>\n","protected":false},"excerpt":{"rendered":"<p>Temas varios del mundo del perro<\/p>\n","protected":false},"author":1,"featured_media":0,"parent":0,"menu_order":0,"comment_status":"closed","ping_status":"closed","template":"","meta":{"_acf_changed":false,"_editorskit_title_hidden":true,"_editorskit_reading_time":1,"_editorskit_is_block_options_detached":false,"_editorskit_block_options_position":"{}","_uag_custom_page_level_css":"","site-sidebar-layout":"default","site-content-layout":"default","ast-site-content-layout":"default","site-content-style":"default","site-sidebar-style":"default","ast-global-header-display":"","ast-banner-title-visibility":"","ast-main-header-display":"","ast-hfb-above-header-display":"","ast-hfb-below-header-display":"","ast-hfb-mobile-header-display":"","site-post-title":"","ast-breadcrumbs-content":"","ast-featured-img":"","footer-sml-layout":"","theme-transparent-header-meta":"default","adv-header-id-meta":"","stick-header-meta":"","header-above-stick-meta":"","header-main-stick-meta":"","header-below-stick-meta":"","astra-migrate-meta-layouts":"default","ast-page-background-enabled":"default","ast-page-background-meta":{"desktop":{"background-color":"","background-image":"","background-repeat":"repeat","background-position":"center center","background-size":"auto","background-attachment":"scroll","background-type":"","background-media":"","overlay-type":"","overlay-color":"","overlay-opacity":"","overlay-gradient":""},"tablet":{"background-color":"","background-image":"","background-repeat":"repeat","background-position":"center center","background-size":"auto","background-attachment":"scroll","background-type":"","background-media":"","overlay-type":"","overlay-color":"","overlay-opacity":"","overlay-gradient":""},"mobile":{"background-color":"","background-image":"","background-repeat":"repeat","background-position":"center center","background-size":"auto","background-attachment":"scroll","background-type":"","background-media":"","overlay-type":"","overlay-color":"","overlay-opacity":"","overlay-gradient":""}},"ast-content-background-meta":{"desktop":{"background-color":"var(--ast-global-color-5)","background-image":"","background-repeat":"repeat","background-position":"center center","background-size":"auto","background-attachment":"scroll","background-type":"","background-media":"","overlay-type":"","overlay-color":"","overlay-opacity":"","overlay-gradient":""},"tablet":{"background-color":"var(--ast-global-color-5)","background-image":"","background-repeat":"repeat","background-position":"center center","background-size":"auto","background-attachment":"scroll","background-type":"","background-media":"","overlay-type":"","overlay-color":"","overlay-opacity":"","overlay-gradient":""},"mobile":{"background-color":"var(--ast-global-color-5)","background-image":"","background-repeat":"repeat","background-position":"center center","background-size":"auto","background-attachment":"scroll","background-type":"","background-media":"","overlay-type":"","overlay-color":"","overlay-opacity":"","overlay-gradient":""}},"footnotes":""},"class_list":["post-1947","page","type-page","status-publish","hentry"],"acf":[],"uagb_featured_image_src":{"full":false,"thumbnail":false,"medium":false,"medium_large":false,"large":false,"1536x1536":false,"2048x2048":false,"cosmic-thumbnail-50xAUTO":false,"cosmic-thumbnail-AUTOx50":false,"cosmic-thumbnail-100xAUTO":false,"cosmic-thumbnail-AUTOx100":false,"cosmic-thumbnail-100x100":false,"cosmic-thumbnail-150x150":false,"cosmic-thumbnail-300x225":false,"cosmic-thumbnail-640x640":false,"cosmic-thumbnail-AUTOx640":false,"cosmic-thumbnail-640xAUTO":false,"cosmic-thumbnail-960x960":false,"cosmic-thumbnail-AUTOx960":false,"cosmic-thumbnail-960xAUTO":false,"cosmic-thumbnail-1024x768":false,"cosmic-thumbnail-AUTOx768":false,"cosmic-thumbnail-1024xAUTO":false,"cosmic-thumbnail-1920x1080":false,"cosmic-thumbnail-AUTOx1080":false,"cosmic-thumbnail-1920xAUTO":false},"uagb_author_info":{"display_name":"xavier","author_link":"https:\/\/cria.igpdebenlloch.com\/index.php\/author\/xavier\/"},"uagb_comment_info":0,"uagb_excerpt":"Temas varios del mundo del perro","_links":{"self":[{"href":"https:\/\/cria.igpdebenlloch.com\/index.php\/wp-json\/wp\/v2\/pages\/1947","targetHints":{"allow":["GET"]}}],"collection":[{"href":"https:\/\/cria.igpdebenlloch.com\/index.php\/wp-json\/wp\/v2\/pages"}],"about":[{"href":"https:\/\/cria.igpdebenlloch.com\/index.php\/wp-json\/wp\/v2\/types\/page"}],"author":[{"embeddable":true,"href":"https:\/\/cria.igpdebenlloch.com\/index.php\/wp-json\/wp\/v2\/users\/1"}],"replies":[{"embeddable":true,"href":"https:\/\/cria.igpdebenlloch.com\/index.php\/wp-json\/wp\/v2\/comments?post=1947"}],"version-history":[{"count":27,"href":"https:\/\/cria.igpdebenlloch.com\/index.php\/wp-json\/wp\/v2\/pages\/1947\/revisions"}],"predecessor-version":[{"id":2193,"href":"https:\/\/cria.igpdebenlloch.com\/index.php\/wp-json\/wp\/v2\/pages\/1947\/revisions\/2193"}],"wp:attachment":[{"href":"https:\/\/cria.igpdebenlloch.com\/index.php\/wp-json\/wp\/v2\/media?parent=1947"}],"curies":[{"name":"wp","href":"https:\/\/api.w.org\/{rel}","templated":true}]}}