{"id":1909,"date":"2021-01-19T17:05:09","date_gmt":"2021-01-19T17:05:09","guid":{"rendered":"http:\/\/cria.igpdebenlloch.com\/index.php\/ponencia-vincent-solari\/"},"modified":"2021-07-21T07:04:44","modified_gmt":"2021-07-21T07:04:44","slug":"ponencia-vincent-solari","status":"publish","type":"page","link":"https:\/\/cria.igpdebenlloch.com\/index.php\/ponencia-vincent-solari\/","title":{"rendered":"Ponencia Vincent Solari"},"content":{"rendered":"\n<div class=\"wp-block-image\"><figure class=\"aligncenter size-full is-resized\"><img loading=\"lazy\" decoding=\"async\" src=\"https:\/\/cria.igpdebenlloch.com\/wp-content\/uploads\/2021\/01\/Vincent-Solare-2.jpeg\" alt=\"\" class=\"wp-image-2009\" width=\"311\" height=\"311\" srcset=\"https:\/\/cria.igpdebenlloch.com\/wp-content\/uploads\/2021\/01\/Vincent-Solare-2.jpeg 785w, https:\/\/cria.igpdebenlloch.com\/wp-content\/uploads\/2021\/01\/Vincent-Solare-2-300x300.jpeg 300w, https:\/\/cria.igpdebenlloch.com\/wp-content\/uploads\/2021\/01\/Vincent-Solare-2-150x150.jpeg 150w, https:\/\/cria.igpdebenlloch.com\/wp-content\/uploads\/2021\/01\/Vincent-Solare-2-768x768.jpeg 768w, https:\/\/cria.igpdebenlloch.com\/wp-content\/uploads\/2021\/01\/Vincent-Solare-2-50x50.jpeg 50w, https:\/\/cria.igpdebenlloch.com\/wp-content\/uploads\/2021\/01\/Vincent-Solare-2-100x100.jpeg 100w, https:\/\/cria.igpdebenlloch.com\/wp-content\/uploads\/2021\/01\/Vincent-Solare-2-640x640.jpeg 640w, https:\/\/cria.igpdebenlloch.com\/wp-content\/uploads\/2021\/01\/Vincent-Solare-2-960x960.jpeg 960w\" sizes=\"auto, (max-width: 311px) 100vw, 311px\" \/><\/figure><\/div>\n\n\n\n<p>Ponente: Vincent Solare&nbsp;&nbsp;&nbsp;&nbsp;&nbsp;&nbsp;&nbsp;&nbsp;&nbsp;&nbsp; Juez IGP &nbsp;&nbsp;&nbsp;&nbsp;&nbsp;&nbsp;&nbsp;&nbsp;&nbsp;&nbsp;&nbsp;&nbsp;&nbsp;&nbsp;&nbsp; &nbsp;Fecha: 6\/5\/20<\/p>\n\n\n\n<p>El car\u00e1cter se selecciona en el ring, dependiendo del tipo de adiestramiento, as\u00ed nos encontraremos.<\/p>\n\n\n\n<p>En el rastro el cambio de velocidad est\u00e1 penalizado.<\/p>\n\n\n\n<p>La presi\u00f3n debe ser gradual.<\/p>\n\n\n\n<p>No deben observarse s\u00edntomas de presi\u00f3n en los ejercicios.<\/p>\n\n\n\n<p>Debe haber una t\u00e9cnica y una gran concentraci\u00f3n adem\u00e1s de aptitud (lo quiero hacer)<\/p>\n\n\n\n<p>\u201cEl peligro es que el reglamento puede matar el IGP\u201d<\/p>\n","protected":false},"excerpt":{"rendered":"<p>Ponente: Vincent Solare&nbsp;&nbsp;&nbsp;&nbsp;&nbsp;&nbsp;&nbsp;&nbsp;&nbsp;&nbsp; Juez IGP &nbsp;&nbsp;&nbsp;&nbsp;&nbsp;&nbsp;&nbsp;&nbsp;&nbsp;&nbsp;&nbsp;&nbsp;&nbsp;&nbsp;&nbsp; &nbsp;Fecha: 6\/5\/20 El car\u00e1cter se selecciona en el ring, dependiendo del tipo de adiestramiento, as\u00ed nos encontraremos. En el rastro el cambio de velocidad est\u00e1 penalizado. La presi\u00f3n debe ser gradual. No deben observarse s\u00edntomas de presi\u00f3n en los ejercicios. Debe haber una t\u00e9cnica y una gran concentraci\u00f3n adem\u00e1s [&hellip;]<\/p>\n","protected":false},"author":1,"featured_media":0,"parent":0,"menu_order":0,"comment_status":"closed","ping_status":"closed","template":"","meta":{"_acf_changed":false,"_editorskit_title_hidden":true,"_editorskit_reading_time":0,"_editorskit_is_block_options_detached":false,"_editorskit_block_options_position":"{}","_uag_custom_page_level_css":"","site-sidebar-layout":"default","site-content-layout":"default","ast-site-content-layout":"default","site-content-style":"default","site-sidebar-style":"default","ast-global-header-display":"","ast-banner-title-visibility":"","ast-main-header-display":"","ast-hfb-above-header-display":"","ast-hfb-below-header-display":"","ast-hfb-mobile-header-display":"","site-post-title":"","ast-breadcrumbs-content":"","ast-featured-img":"","footer-sml-layout":"","theme-transparent-header-meta":"default","adv-header-id-meta":"","stick-header-meta":"","header-above-stick-meta":"","header-main-stick-meta":"","header-below-stick-meta":"","astra-migrate-meta-layouts":"default","ast-page-background-enabled":"default","ast-page-background-meta":{"desktop":{"background-color":"","background-image":"","background-repeat":"repeat","background-position":"center center","background-size":"auto","background-attachment":"scroll","background-type":"","background-media":"","overlay-type":"","overlay-color":"","overlay-opacity":"","overlay-gradient":""},"tablet":{"background-color":"","background-image":"","background-repeat":"repeat","background-position":"center center","background-size":"auto","background-attachment":"scroll","background-type":"","background-media":"","overlay-type":"","overlay-color":"","overlay-opacity":"","overlay-gradient":""},"mobile":{"background-color":"","background-image":"","background-repeat":"repeat","background-position":"center center","background-size":"auto","background-attachment":"scroll","background-type":"","background-media":"","overlay-type":"","overlay-color":"","overlay-opacity":"","overlay-gradient":""}},"ast-content-background-meta":{"desktop":{"background-color":"var(--ast-global-color-5)","background-image":"","background-repeat":"repeat","background-position":"center center","background-size":"auto","background-attachment":"scroll","background-type":"","background-media":"","overlay-type":"","overlay-color":"","overlay-opacity":"","overlay-gradient":""},"tablet":{"background-color":"var(--ast-global-color-5)","background-image":"","background-repeat":"repeat","background-position":"center center","background-size":"auto","background-attachment":"scroll","background-type":"","background-media":"","overlay-type":"","overlay-color":"","overlay-opacity":"","overlay-gradient":""},"mobile":{"background-color":"var(--ast-global-color-5)","background-image":"","background-repeat":"repeat","background-position":"center center","background-size":"auto","background-attachment":"scroll","background-type":"","background-media":"","overlay-type":"","overlay-color":"","overlay-opacity":"","overlay-gradient":""}},"footnotes":""},"class_list":["post-1909","page","type-page","status-publish","hentry"],"acf":[],"uagb_featured_image_src":{"full":false,"thumbnail":false,"medium":false,"medium_large":false,"large":false,"1536x1536":false,"2048x2048":false,"cosmic-thumbnail-50xAUTO":false,"cosmic-thumbnail-AUTOx50":false,"cosmic-thumbnail-100xAUTO":false,"cosmic-thumbnail-AUTOx100":false,"cosmic-thumbnail-100x100":false,"cosmic-thumbnail-150x150":false,"cosmic-thumbnail-300x225":false,"cosmic-thumbnail-640x640":false,"cosmic-thumbnail-AUTOx640":false,"cosmic-thumbnail-640xAUTO":false,"cosmic-thumbnail-960x960":false,"cosmic-thumbnail-AUTOx960":false,"cosmic-thumbnail-960xAUTO":false,"cosmic-thumbnail-1024x768":false,"cosmic-thumbnail-AUTOx768":false,"cosmic-thumbnail-1024xAUTO":false,"cosmic-thumbnail-1920x1080":false,"cosmic-thumbnail-AUTOx1080":false,"cosmic-thumbnail-1920xAUTO":false},"uagb_author_info":{"display_name":"xavier","author_link":"https:\/\/cria.igpdebenlloch.com\/index.php\/author\/xavier\/"},"uagb_comment_info":0,"uagb_excerpt":"Ponente: Vincent Solare&nbsp;&nbsp;&nbsp;&nbsp;&nbsp;&nbsp;&nbsp;&nbsp;&nbsp;&nbsp; Juez IGP &nbsp;&nbsp;&nbsp;&nbsp;&nbsp;&nbsp;&nbsp;&nbsp;&nbsp;&nbsp;&nbsp;&nbsp;&nbsp;&nbsp;&nbsp; &nbsp;Fecha: 6\/5\/20 El car\u00e1cter se selecciona en el ring, dependiendo del tipo de adiestramiento, as\u00ed nos encontraremos. En el rastro el cambio de velocidad est\u00e1 penalizado. La presi\u00f3n debe ser gradual. No deben observarse s\u00edntomas de presi\u00f3n en los ejercicios. Debe haber una t\u00e9cnica y una gran concentraci\u00f3n adem\u00e1s&hellip;","_links":{"self":[{"href":"https:\/\/cria.igpdebenlloch.com\/index.php\/wp-json\/wp\/v2\/pages\/1909","targetHints":{"allow":["GET"]}}],"collection":[{"href":"https:\/\/cria.igpdebenlloch.com\/index.php\/wp-json\/wp\/v2\/pages"}],"about":[{"href":"https:\/\/cria.igpdebenlloch.com\/index.php\/wp-json\/wp\/v2\/types\/page"}],"author":[{"embeddable":true,"href":"https:\/\/cria.igpdebenlloch.com\/index.php\/wp-json\/wp\/v2\/users\/1"}],"replies":[{"embeddable":true,"href":"https:\/\/cria.igpdebenlloch.com\/index.php\/wp-json\/wp\/v2\/comments?post=1909"}],"version-history":[{"count":2,"href":"https:\/\/cria.igpdebenlloch.com\/index.php\/wp-json\/wp\/v2\/pages\/1909\/revisions"}],"predecessor-version":[{"id":2125,"href":"https:\/\/cria.igpdebenlloch.com\/index.php\/wp-json\/wp\/v2\/pages\/1909\/revisions\/2125"}],"wp:attachment":[{"href":"https:\/\/cria.igpdebenlloch.com\/index.php\/wp-json\/wp\/v2\/media?parent=1909"}],"curies":[{"name":"wp","href":"https:\/\/api.w.org\/{rel}","templated":true}]}}