{"id":1907,"date":"2021-01-19T13:19:33","date_gmt":"2021-01-19T13:19:33","guid":{"rendered":"http:\/\/cria.igpdebenlloch.com\/index.php\/ponencia-rafa-zavala\/"},"modified":"2021-07-21T07:11:32","modified_gmt":"2021-07-21T07:11:32","slug":"ponencia-rafa-zavala","status":"publish","type":"page","link":"https:\/\/cria.igpdebenlloch.com\/index.php\/ponencia-rafa-zavala\/","title":{"rendered":"Ponencia Rafa Zavala"},"content":{"rendered":"\n<div class=\"wp-block-image\"><figure class=\"aligncenter size-full is-resized\"><img loading=\"lazy\" decoding=\"async\" src=\"https:\/\/cria.igpdebenlloch.com\/wp-content\/uploads\/2021\/01\/Rafa-Zavala.jpg\" alt=\"Rafa Zabala\" class=\"wp-image-2033\" width=\"166\" height=\"294\" srcset=\"https:\/\/cria.igpdebenlloch.com\/wp-content\/uploads\/2021\/01\/Rafa-Zavala.jpg 169w, https:\/\/cria.igpdebenlloch.com\/wp-content\/uploads\/2021\/01\/Rafa-Zavala-50x88.jpg 50w, https:\/\/cria.igpdebenlloch.com\/wp-content\/uploads\/2021\/01\/Rafa-Zavala-28x50.jpg 28w, https:\/\/cria.igpdebenlloch.com\/wp-content\/uploads\/2021\/01\/Rafa-Zavala-100x177.jpg 100w, https:\/\/cria.igpdebenlloch.com\/wp-content\/uploads\/2021\/01\/Rafa-Zavala-57x100.jpg 57w\" sizes=\"auto, (max-width: 166px) 100vw, 166px\" \/><figcaption>Rafa Zabala<\/figcaption><\/figure><\/div>\n\n\n\n<p>Ponente: Rafael Zabala Figurante&nbsp;&nbsp;&nbsp;&nbsp;&nbsp;&nbsp;&nbsp;&nbsp;&nbsp;&nbsp; &nbsp;&nbsp;&nbsp;&nbsp;&nbsp;&nbsp;&nbsp;&nbsp;&nbsp;&nbsp;&nbsp;&nbsp;&nbsp; Fecha: 16\/4\/20<\/p>\n\n\n\n<p>Expandir la base (IGP)<\/p>\n\n\n\n<p>1\u00ba &#8211; Gen\u00e9tica (perros de calidad)<\/p>\n\n\n\n<p>2\u00ba &#8211; Crianza<\/p>\n\n\n\n<p>3\u00ba &#8211; T\u00e9cnica<\/p>\n\n\n\n<p>&nbsp;&nbsp;&nbsp;&nbsp;&nbsp;&nbsp;&nbsp;&nbsp;&nbsp;&nbsp;&nbsp;&nbsp;&nbsp;&nbsp;&nbsp; L\u00edneas DDR<\/p>\n\n\n\n<p>&nbsp;&nbsp;&nbsp;&nbsp;&nbsp;&nbsp;&nbsp;&nbsp;&nbsp;&nbsp;&nbsp;&nbsp;&nbsp;&nbsp;&nbsp; L\u00edneas checas<\/p>\n\n\n\n<p>Defensa\/Protecci\u00f3n \u2013 Edad 3 \u00f3 4 meses&nbsp; con distancia segura<\/p>\n\n\n\n<p>&nbsp;&nbsp;&nbsp;&nbsp;&nbsp;&nbsp;&nbsp;&nbsp;&nbsp;&nbsp;&nbsp;&nbsp;&nbsp;&nbsp;&nbsp; Agresi\u00f3n Activa (Gen\u00e9tico \u2013 Crianza \u2013 Eventos)<\/p>\n\n\n\n<p>&nbsp;&nbsp;&nbsp;&nbsp;&nbsp;&nbsp;&nbsp;&nbsp;&nbsp;&nbsp;&nbsp;&nbsp;&nbsp;&nbsp;&nbsp; Agresi\u00f3n Reactiva (Por conflicto \u2013 Provocado o no)<\/p>\n\n\n\n<p>Necesario un buen figurante \u2013 1\u00aa mordida a los 5 \u00f3 6 meses.<\/p>\n\n\n\n<p>El collar<\/p>\n\n\n\n<p>No usar antes de los 14 \u00f3 16 meses<\/p>\n\n\n\n<p>Colocarlo 10-20 minutos antes de la clase<\/p>\n\n\n\n<p>Quitarlo 5 minutos despu\u00e9s de esta.<\/p>\n","protected":false},"excerpt":{"rendered":"<p>Ponente: Rafael Zabala Figurante&nbsp;&nbsp;&nbsp;&nbsp;&nbsp;&nbsp;&nbsp;&nbsp;&nbsp;&nbsp; &nbsp;&nbsp;&nbsp;&nbsp;&nbsp;&nbsp;&nbsp;&nbsp;&nbsp;&nbsp;&nbsp;&nbsp;&nbsp; Fecha: 16\/4\/20 Expandir la base (IGP) 1\u00ba &#8211; Gen\u00e9tica (perros de calidad) 2\u00ba &#8211; Crianza 3\u00ba &#8211; T\u00e9cnica &nbsp;&nbsp;&nbsp;&nbsp;&nbsp;&nbsp;&nbsp;&nbsp;&nbsp;&nbsp;&nbsp;&nbsp;&nbsp;&nbsp;&nbsp; L\u00edneas DDR &nbsp;&nbsp;&nbsp;&nbsp;&nbsp;&nbsp;&nbsp;&nbsp;&nbsp;&nbsp;&nbsp;&nbsp;&nbsp;&nbsp;&nbsp; L\u00edneas checas Defensa\/Protecci\u00f3n \u2013 Edad 3 \u00f3 4 meses&nbsp; con distancia segura &nbsp;&nbsp;&nbsp;&nbsp;&nbsp;&nbsp;&nbsp;&nbsp;&nbsp;&nbsp;&nbsp;&nbsp;&nbsp;&nbsp;&nbsp; Agresi\u00f3n Activa (Gen\u00e9tico \u2013 Crianza \u2013 Eventos) &nbsp;&nbsp;&nbsp;&nbsp;&nbsp;&nbsp;&nbsp;&nbsp;&nbsp;&nbsp;&nbsp;&nbsp;&nbsp;&nbsp;&nbsp; Agresi\u00f3n Reactiva (Por conflicto \u2013 Provocado o [&hellip;]<\/p>\n","protected":false},"author":1,"featured_media":0,"parent":0,"menu_order":0,"comment_status":"closed","ping_status":"closed","template":"","meta":{"_acf_changed":false,"_editorskit_title_hidden":true,"_editorskit_reading_time":1,"_editorskit_is_block_options_detached":false,"_editorskit_block_options_position":"{}","_uag_custom_page_level_css":"","site-sidebar-layout":"default","site-content-layout":"default","ast-site-content-layout":"default","site-content-style":"default","site-sidebar-style":"default","ast-global-header-display":"","ast-banner-title-visibility":"","ast-main-header-display":"","ast-hfb-above-header-display":"","ast-hfb-below-header-display":"","ast-hfb-mobile-header-display":"","site-post-title":"","ast-breadcrumbs-content":"","ast-featured-img":"","footer-sml-layout":"","theme-transparent-header-meta":"default","adv-header-id-meta":"","stick-header-meta":"","header-above-stick-meta":"","header-main-stick-meta":"","header-below-stick-meta":"","astra-migrate-meta-layouts":"default","ast-page-background-enabled":"default","ast-page-background-meta":{"desktop":{"background-color":"","background-image":"","background-repeat":"repeat","background-position":"center center","background-size":"auto","background-attachment":"scroll","background-type":"","background-media":"","overlay-type":"","overlay-color":"","overlay-opacity":"","overlay-gradient":""},"tablet":{"background-color":"","background-image":"","background-repeat":"repeat","background-position":"center center","background-size":"auto","background-attachment":"scroll","background-type":"","background-media":"","overlay-type":"","overlay-color":"","overlay-opacity":"","overlay-gradient":""},"mobile":{"background-color":"","background-image":"","background-repeat":"repeat","background-position":"center center","background-size":"auto","background-attachment":"scroll","background-type":"","background-media":"","overlay-type":"","overlay-color":"","overlay-opacity":"","overlay-gradient":""}},"ast-content-background-meta":{"desktop":{"background-color":"var(--ast-global-color-5)","background-image":"","background-repeat":"repeat","background-position":"center center","background-size":"auto","background-attachment":"scroll","background-type":"","background-media":"","overlay-type":"","overlay-color":"","overlay-opacity":"","overlay-gradient":""},"tablet":{"background-color":"var(--ast-global-color-5)","background-image":"","background-repeat":"repeat","background-position":"center center","background-size":"auto","background-attachment":"scroll","background-type":"","background-media":"","overlay-type":"","overlay-color":"","overlay-opacity":"","overlay-gradient":""},"mobile":{"background-color":"var(--ast-global-color-5)","background-image":"","background-repeat":"repeat","background-position":"center center","background-size":"auto","background-attachment":"scroll","background-type":"","background-media":"","overlay-type":"","overlay-color":"","overlay-opacity":"","overlay-gradient":""}},"footnotes":""},"class_list":["post-1907","page","type-page","status-publish","hentry"],"acf":[],"uagb_featured_image_src":{"full":false,"thumbnail":false,"medium":false,"medium_large":false,"large":false,"1536x1536":false,"2048x2048":false,"cosmic-thumbnail-50xAUTO":false,"cosmic-thumbnail-AUTOx50":false,"cosmic-thumbnail-100xAUTO":false,"cosmic-thumbnail-AUTOx100":false,"cosmic-thumbnail-100x100":false,"cosmic-thumbnail-150x150":false,"cosmic-thumbnail-300x225":false,"cosmic-thumbnail-640x640":false,"cosmic-thumbnail-AUTOx640":false,"cosmic-thumbnail-640xAUTO":false,"cosmic-thumbnail-960x960":false,"cosmic-thumbnail-AUTOx960":false,"cosmic-thumbnail-960xAUTO":false,"cosmic-thumbnail-1024x768":false,"cosmic-thumbnail-AUTOx768":false,"cosmic-thumbnail-1024xAUTO":false,"cosmic-thumbnail-1920x1080":false,"cosmic-thumbnail-AUTOx1080":false,"cosmic-thumbnail-1920xAUTO":false},"uagb_author_info":{"display_name":"xavier","author_link":"https:\/\/cria.igpdebenlloch.com\/index.php\/author\/xavier\/"},"uagb_comment_info":0,"uagb_excerpt":"Ponente: Rafael Zabala Figurante&nbsp;&nbsp;&nbsp;&nbsp;&nbsp;&nbsp;&nbsp;&nbsp;&nbsp;&nbsp; &nbsp;&nbsp;&nbsp;&nbsp;&nbsp;&nbsp;&nbsp;&nbsp;&nbsp;&nbsp;&nbsp;&nbsp;&nbsp; Fecha: 16\/4\/20 Expandir la base (IGP) 1\u00ba &#8211; Gen\u00e9tica (perros de calidad) 2\u00ba &#8211; Crianza 3\u00ba &#8211; T\u00e9cnica &nbsp;&nbsp;&nbsp;&nbsp;&nbsp;&nbsp;&nbsp;&nbsp;&nbsp;&nbsp;&nbsp;&nbsp;&nbsp;&nbsp;&nbsp; L\u00edneas DDR &nbsp;&nbsp;&nbsp;&nbsp;&nbsp;&nbsp;&nbsp;&nbsp;&nbsp;&nbsp;&nbsp;&nbsp;&nbsp;&nbsp;&nbsp; L\u00edneas checas Defensa\/Protecci\u00f3n \u2013 Edad 3 \u00f3 4 meses&nbsp; con distancia segura &nbsp;&nbsp;&nbsp;&nbsp;&nbsp;&nbsp;&nbsp;&nbsp;&nbsp;&nbsp;&nbsp;&nbsp;&nbsp;&nbsp;&nbsp; Agresi\u00f3n Activa (Gen\u00e9tico \u2013 Crianza \u2013 Eventos) &nbsp;&nbsp;&nbsp;&nbsp;&nbsp;&nbsp;&nbsp;&nbsp;&nbsp;&nbsp;&nbsp;&nbsp;&nbsp;&nbsp;&nbsp; Agresi\u00f3n Reactiva (Por conflicto \u2013 Provocado o&hellip;","_links":{"self":[{"href":"https:\/\/cria.igpdebenlloch.com\/index.php\/wp-json\/wp\/v2\/pages\/1907","targetHints":{"allow":["GET"]}}],"collection":[{"href":"https:\/\/cria.igpdebenlloch.com\/index.php\/wp-json\/wp\/v2\/pages"}],"about":[{"href":"https:\/\/cria.igpdebenlloch.com\/index.php\/wp-json\/wp\/v2\/types\/page"}],"author":[{"embeddable":true,"href":"https:\/\/cria.igpdebenlloch.com\/index.php\/wp-json\/wp\/v2\/users\/1"}],"replies":[{"embeddable":true,"href":"https:\/\/cria.igpdebenlloch.com\/index.php\/wp-json\/wp\/v2\/comments?post=1907"}],"version-history":[{"count":2,"href":"https:\/\/cria.igpdebenlloch.com\/index.php\/wp-json\/wp\/v2\/pages\/1907\/revisions"}],"predecessor-version":[{"id":2130,"href":"https:\/\/cria.igpdebenlloch.com\/index.php\/wp-json\/wp\/v2\/pages\/1907\/revisions\/2130"}],"wp:attachment":[{"href":"https:\/\/cria.igpdebenlloch.com\/index.php\/wp-json\/wp\/v2\/media?parent=1907"}],"curies":[{"name":"wp","href":"https:\/\/api.w.org\/{rel}","templated":true}]}}