{"id":1905,"date":"2021-01-09T18:44:42","date_gmt":"2021-01-09T18:44:42","guid":{"rendered":"http:\/\/cria.igpdebenlloch.com\/index.php\/ponencia-satoris\/"},"modified":"2021-07-21T07:16:24","modified_gmt":"2021-07-21T07:16:24","slug":"ponencia-satoris","status":"publish","type":"page","link":"https:\/\/cria.igpdebenlloch.com\/index.php\/ponencia-satoris\/","title":{"rendered":"Ponencia Satoris"},"content":{"rendered":"\n<div class=\"wp-block-image\"><figure class=\"aligncenter size-full\"><img loading=\"lazy\" decoding=\"async\" width=\"260\" height=\"194\" src=\"https:\/\/cria.igpdebenlloch.com\/wp-content\/uploads\/2021\/01\/Karsten-Sonne-Andersen.jpg\" alt=\"\" class=\"wp-image-2039\" srcset=\"https:\/\/cria.igpdebenlloch.com\/wp-content\/uploads\/2021\/01\/Karsten-Sonne-Andersen.jpg 260w, https:\/\/cria.igpdebenlloch.com\/wp-content\/uploads\/2021\/01\/Karsten-Sonne-Andersen-50x37.jpg 50w, https:\/\/cria.igpdebenlloch.com\/wp-content\/uploads\/2021\/01\/Karsten-Sonne-Andersen-67x50.jpg 67w, https:\/\/cria.igpdebenlloch.com\/wp-content\/uploads\/2021\/01\/Karsten-Sonne-Andersen-100x75.jpg 100w, https:\/\/cria.igpdebenlloch.com\/wp-content\/uploads\/2021\/01\/Karsten-Sonne-Andersen-134x100.jpg 134w, https:\/\/cria.igpdebenlloch.com\/wp-content\/uploads\/2021\/01\/Karsten-Sonne-Andersen-300x225.jpg 300w, https:\/\/cria.igpdebenlloch.com\/wp-content\/uploads\/2021\/01\/Karsten-Sonne-Andersen-1024x768.jpg 1024w\" sizes=\"auto, (max-width: 260px) 100vw, 260px\" \/><figcaption>Criadero Satoris<\/figcaption><\/figure><\/div>\n\n\n\n<p>Ponente: Karsten Sonne Andersen&nbsp;&nbsp;&nbsp;&nbsp;&nbsp;&nbsp;&nbsp;&nbsp;&nbsp;&nbsp;&nbsp;&nbsp;&nbsp;&nbsp;&nbsp;&nbsp;&nbsp;&nbsp;&nbsp;&nbsp;&nbsp;&nbsp;&nbsp;&nbsp;&nbsp;&nbsp;&nbsp;&nbsp;&nbsp;&nbsp;&nbsp;&nbsp;&nbsp;&nbsp;&nbsp;&nbsp;&nbsp;&nbsp;&nbsp;&nbsp;&nbsp;&nbsp;&nbsp;&nbsp;&nbsp;&nbsp; Fecha: 17\/4\/20<\/p>\n\n\n\n<p>&nbsp;&nbsp;&nbsp;&nbsp;&nbsp;&nbsp;&nbsp;&nbsp;&nbsp;&nbsp;&nbsp;&nbsp;&nbsp;&nbsp;&nbsp;&nbsp;&nbsp;&nbsp;&nbsp;&nbsp;&nbsp;&nbsp;&nbsp;&nbsp;&nbsp;&nbsp;&nbsp;&nbsp;&nbsp;&nbsp;&nbsp;&nbsp;&nbsp;&nbsp;&nbsp;&nbsp;&nbsp;&nbsp;&nbsp;&nbsp;&nbsp;&nbsp;&nbsp;&nbsp;&nbsp;&nbsp; CRIADOR PASTOR ALEMAN \u201cSATORIS\u201d<\/p>\n\n\n\n<ul class=\"wp-block-list\"><li>Conocer el pedigree de la hembra<\/li><li>Criterios de selecci\u00f3n:<\/li><\/ul>\n\n\n\n<p>Mentalmente fuertes.<\/p>\n\n\n\n<p>En conjunto es que sea bueno.<\/p>\n\n\n\n<p>Que haya confrontaci\u00f3n en el revier con el figurante.<\/p>\n\n\n\n<p>No es partidario de los test a cachorros<\/p>\n\n\n\n<p>Pruebas a realizar:<\/p>\n\n\n\n<ul class=\"wp-block-list\"><li>Caderas y codos.<\/li><\/ul>\n\n\n\n<span class=\"collapseomatic \" id=\"id6a0317d05225f\"  tabindex=\"0\" title=\"Consejos para la cria\"    >Consejos para la cria<\/span><span id='swap-id6a0317d05225f'  class='colomat-swap' style='display:none;'>Mostrar menos<\/span><div id=\"target-id6a0317d05225f\" class=\"collapseomatic_content \">Consejos para la cr\u00eda:<\/p>\n\n\n\n<ul class=\"wp-block-list\"><li>No se gana dinero.<\/li><li>Hay mucha desilusi\u00f3n.<\/li><li>Tener buenas hembras.<\/li><li>Importante: Conocer las ventajas e inconvenientes de las hembras.<\/li><li>Buscar consejos de los que saben criar.<\/li><li>La hembra debe ser una buena transmisora.<\/li><li>Perros de belleza muy grandes son un problema.<\/li><li>Necesita ser \u00e1gil, deben ser medianos o peque\u00f1os.<\/li><\/ul>\n\n\n\n<p>&nbsp;&nbsp; Hembra: 56 cm. A la cruz 26 kg.<\/p>\n\n\n\n<p>&nbsp;&nbsp; Macho:&nbsp;&nbsp;&nbsp;&nbsp;&nbsp;&nbsp;&nbsp;&nbsp;&nbsp;&nbsp;&nbsp;&nbsp;&nbsp;&nbsp;&nbsp;&nbsp;&nbsp;&nbsp;&nbsp;&nbsp;&nbsp;&nbsp;&nbsp;&nbsp;&nbsp;&nbsp;&nbsp;&nbsp;&nbsp;&nbsp;&nbsp;&nbsp; 34\/35 kg.<\/p>\n\n\n\n<p>En los 90 apareci\u00f3 la agresi\u00f3n natural.<\/p>\n\n\n\n<p>En los \u00faltimos 10\/15 a\u00f1os han aparecido problemas con el estr\u00e9s. Al buscarles el instinto puede aparecer el estr\u00e9s.<\/p>\n\n\n\n<p>Por tanto deben tener buenos nervios.<\/div>\n\n\n\n<span class=\"collapseomatic \" id=\"id6a0317d0522c0\"  tabindex=\"0\" title=\"Lineas de sangre\"    >Lineas de sangre<\/span><span id='swap-id6a0317d0522c0'  class='colomat-swap' style='display:none;'>Mostrar menos<\/span><div id=\"target-id6a0317d0522c0\" class=\"collapseomatic_content \">Lineas o combinaciones de sangre<\/p>\n\n\n\n<p>Usar 3 \u00f3 4 lineas de sangre.<\/p>\n\n\n\n<p>Kinsky Vom Haito<\/p>\n\n\n\n<p>Dinoso Vom Haisenbeck<\/p>\n\n\n\n<p>Lineas DDR (1990)<\/p>\n\n\n\n<p>La protecci\u00f3n en cachorros no es importante, m\u00e1s importante es el rastro y conexi\u00f3n con el gu\u00eda.<\/p>\n\n\n\n<p>La alimentaci\u00f3n de los cachorros debe tener una alta cantidad de prote\u00edna y calcio.<\/p>\n\n\n\n<p>La hembra para criar, como hemos dicho antes no debe ser grande. Hay que criar en funci\u00f3n a que se va a dedicar la camada trabajo, polic\u00eda o casa.<\/div>\n","protected":false},"excerpt":{"rendered":"<p>Ponente: Karsten Sonne Andersen&nbsp;&nbsp;&nbsp;&nbsp;&nbsp;&nbsp;&nbsp;&nbsp;&nbsp;&nbsp;&nbsp;&nbsp;&nbsp;&nbsp;&nbsp;&nbsp;&nbsp;&nbsp;&nbsp;&nbsp;&nbsp;&nbsp;&nbsp;&nbsp;&nbsp;&nbsp;&nbsp;&nbsp;&nbsp;&nbsp;&nbsp;&nbsp;&nbsp;&nbsp;&nbsp;&nbsp;&nbsp;&nbsp;&nbsp;&nbsp;&nbsp;&nbsp;&nbsp;&nbsp;&nbsp;&nbsp; Fecha: 17\/4\/20 &nbsp;&nbsp;&nbsp;&nbsp;&nbsp;&nbsp;&nbsp;&nbsp;&nbsp;&nbsp;&nbsp;&nbsp;&nbsp;&nbsp;&nbsp;&nbsp;&nbsp;&nbsp;&nbsp;&nbsp;&nbsp;&nbsp;&nbsp;&nbsp;&nbsp;&nbsp;&nbsp;&nbsp;&nbsp;&nbsp;&nbsp;&nbsp;&nbsp;&nbsp;&nbsp;&nbsp;&nbsp;&nbsp;&nbsp;&nbsp;&nbsp;&nbsp;&nbsp;&nbsp;&nbsp;&nbsp; CRIADOR PASTOR ALEMAN \u201cSATORIS\u201d Conocer el pedigree de la hembra Criterios de selecci\u00f3n: Mentalmente fuertes. En conjunto es que sea bueno. Que haya confrontaci\u00f3n en el revier con el figurante. No es partidario de los test a cachorros Pruebas a realizar: Caderas y codos.<\/p>\n","protected":false},"author":1,"featured_media":0,"parent":0,"menu_order":0,"comment_status":"closed","ping_status":"closed","template":"","meta":{"_acf_changed":false,"_editorskit_title_hidden":true,"_editorskit_reading_time":1,"_editorskit_is_block_options_detached":false,"_editorskit_block_options_position":"{}","_uag_custom_page_level_css":"","site-sidebar-layout":"default","site-content-layout":"default","ast-site-content-layout":"default","site-content-style":"default","site-sidebar-style":"default","ast-global-header-display":"","ast-banner-title-visibility":"","ast-main-header-display":"","ast-hfb-above-header-display":"","ast-hfb-below-header-display":"","ast-hfb-mobile-header-display":"","site-post-title":"","ast-breadcrumbs-content":"","ast-featured-img":"","footer-sml-layout":"","theme-transparent-header-meta":"default","adv-header-id-meta":"","stick-header-meta":"","header-above-stick-meta":"","header-main-stick-meta":"","header-below-stick-meta":"","astra-migrate-meta-layouts":"default","ast-page-background-enabled":"default","ast-page-background-meta":{"desktop":{"background-color":"","background-image":"","background-repeat":"repeat","background-position":"center center","background-size":"auto","background-attachment":"scroll","background-type":"","background-media":"","overlay-type":"","overlay-color":"","overlay-opacity":"","overlay-gradient":""},"tablet":{"background-color":"","background-image":"","background-repeat":"repeat","background-position":"center center","background-size":"auto","background-attachment":"scroll","background-type":"","background-media":"","overlay-type":"","overlay-color":"","overlay-opacity":"","overlay-gradient":""},"mobile":{"background-color":"","background-image":"","background-repeat":"repeat","background-position":"center center","background-size":"auto","background-attachment":"scroll","background-type":"","background-media":"","overlay-type":"","overlay-color":"","overlay-opacity":"","overlay-gradient":""}},"ast-content-background-meta":{"desktop":{"background-color":"var(--ast-global-color-5)","background-image":"","background-repeat":"repeat","background-position":"center center","background-size":"auto","background-attachment":"scroll","background-type":"","background-media":"","overlay-type":"","overlay-color":"","overlay-opacity":"","overlay-gradient":""},"tablet":{"background-color":"var(--ast-global-color-5)","background-image":"","background-repeat":"repeat","background-position":"center center","background-size":"auto","background-attachment":"scroll","background-type":"","background-media":"","overlay-type":"","overlay-color":"","overlay-opacity":"","overlay-gradient":""},"mobile":{"background-color":"var(--ast-global-color-5)","background-image":"","background-repeat":"repeat","background-position":"center center","background-size":"auto","background-attachment":"scroll","background-type":"","background-media":"","overlay-type":"","overlay-color":"","overlay-opacity":"","overlay-gradient":""}},"footnotes":""},"class_list":["post-1905","page","type-page","status-publish","hentry"],"acf":[],"uagb_featured_image_src":{"full":false,"thumbnail":false,"medium":false,"medium_large":false,"large":false,"1536x1536":false,"2048x2048":false,"cosmic-thumbnail-50xAUTO":false,"cosmic-thumbnail-AUTOx50":false,"cosmic-thumbnail-100xAUTO":false,"cosmic-thumbnail-AUTOx100":false,"cosmic-thumbnail-100x100":false,"cosmic-thumbnail-150x150":false,"cosmic-thumbnail-300x225":false,"cosmic-thumbnail-640x640":false,"cosmic-thumbnail-AUTOx640":false,"cosmic-thumbnail-640xAUTO":false,"cosmic-thumbnail-960x960":false,"cosmic-thumbnail-AUTOx960":false,"cosmic-thumbnail-960xAUTO":false,"cosmic-thumbnail-1024x768":false,"cosmic-thumbnail-AUTOx768":false,"cosmic-thumbnail-1024xAUTO":false,"cosmic-thumbnail-1920x1080":false,"cosmic-thumbnail-AUTOx1080":false,"cosmic-thumbnail-1920xAUTO":false},"uagb_author_info":{"display_name":"xavier","author_link":"https:\/\/cria.igpdebenlloch.com\/index.php\/author\/xavier\/"},"uagb_comment_info":0,"uagb_excerpt":"Ponente: Karsten Sonne Andersen&nbsp;&nbsp;&nbsp;&nbsp;&nbsp;&nbsp;&nbsp;&nbsp;&nbsp;&nbsp;&nbsp;&nbsp;&nbsp;&nbsp;&nbsp;&nbsp;&nbsp;&nbsp;&nbsp;&nbsp;&nbsp;&nbsp;&nbsp;&nbsp;&nbsp;&nbsp;&nbsp;&nbsp;&nbsp;&nbsp;&nbsp;&nbsp;&nbsp;&nbsp;&nbsp;&nbsp;&nbsp;&nbsp;&nbsp;&nbsp;&nbsp;&nbsp;&nbsp;&nbsp;&nbsp;&nbsp; Fecha: 17\/4\/20 &nbsp;&nbsp;&nbsp;&nbsp;&nbsp;&nbsp;&nbsp;&nbsp;&nbsp;&nbsp;&nbsp;&nbsp;&nbsp;&nbsp;&nbsp;&nbsp;&nbsp;&nbsp;&nbsp;&nbsp;&nbsp;&nbsp;&nbsp;&nbsp;&nbsp;&nbsp;&nbsp;&nbsp;&nbsp;&nbsp;&nbsp;&nbsp;&nbsp;&nbsp;&nbsp;&nbsp;&nbsp;&nbsp;&nbsp;&nbsp;&nbsp;&nbsp;&nbsp;&nbsp;&nbsp;&nbsp; CRIADOR PASTOR ALEMAN \u201cSATORIS\u201d Conocer el pedigree de la hembra Criterios de selecci\u00f3n: Mentalmente fuertes. En conjunto es que sea bueno. Que haya confrontaci\u00f3n en el revier con el figurante. No es partidario de los test a cachorros Pruebas a realizar: Caderas y codos.","_links":{"self":[{"href":"https:\/\/cria.igpdebenlloch.com\/index.php\/wp-json\/wp\/v2\/pages\/1905","targetHints":{"allow":["GET"]}}],"collection":[{"href":"https:\/\/cria.igpdebenlloch.com\/index.php\/wp-json\/wp\/v2\/pages"}],"about":[{"href":"https:\/\/cria.igpdebenlloch.com\/index.php\/wp-json\/wp\/v2\/types\/page"}],"author":[{"embeddable":true,"href":"https:\/\/cria.igpdebenlloch.com\/index.php\/wp-json\/wp\/v2\/users\/1"}],"replies":[{"embeddable":true,"href":"https:\/\/cria.igpdebenlloch.com\/index.php\/wp-json\/wp\/v2\/comments?post=1905"}],"version-history":[{"count":2,"href":"https:\/\/cria.igpdebenlloch.com\/index.php\/wp-json\/wp\/v2\/pages\/1905\/revisions"}],"predecessor-version":[{"id":2132,"href":"https:\/\/cria.igpdebenlloch.com\/index.php\/wp-json\/wp\/v2\/pages\/1905\/revisions\/2132"}],"wp:attachment":[{"href":"https:\/\/cria.igpdebenlloch.com\/index.php\/wp-json\/wp\/v2\/media?parent=1905"}],"curies":[{"name":"wp","href":"https:\/\/api.w.org\/{rel}","templated":true}]}}