{"id":1904,"date":"2021-01-09T18:39:29","date_gmt":"2021-01-09T18:39:29","guid":{"rendered":"http:\/\/cria.igpdebenlloch.com\/index.php\/ponencia-dani\/"},"modified":"2021-07-21T07:18:03","modified_gmt":"2021-07-21T07:18:03","slug":"ponencia-dani","status":"publish","type":"page","link":"https:\/\/cria.igpdebenlloch.com\/index.php\/ponencia-dani\/","title":{"rendered":"Ponencia Dani"},"content":{"rendered":"\n<div class=\"wp-block-image\"><figure class=\"aligncenter size-full is-resized\"><img loading=\"lazy\" decoding=\"async\" src=\"https:\/\/cria.igpdebenlloch.com\/wp-content\/uploads\/2021\/01\/Dani-Ruano.jpg\" alt=\"\" class=\"wp-image-2044\" width=\"329\" height=\"329\" srcset=\"https:\/\/cria.igpdebenlloch.com\/wp-content\/uploads\/2021\/01\/Dani-Ruano.jpg 900w, https:\/\/cria.igpdebenlloch.com\/wp-content\/uploads\/2021\/01\/Dani-Ruano-300x300.jpg 300w, https:\/\/cria.igpdebenlloch.com\/wp-content\/uploads\/2021\/01\/Dani-Ruano-150x150.jpg 150w, https:\/\/cria.igpdebenlloch.com\/wp-content\/uploads\/2021\/01\/Dani-Ruano-768x768.jpg 768w, https:\/\/cria.igpdebenlloch.com\/wp-content\/uploads\/2021\/01\/Dani-Ruano-50x50.jpg 50w, https:\/\/cria.igpdebenlloch.com\/wp-content\/uploads\/2021\/01\/Dani-Ruano-100x100.jpg 100w, https:\/\/cria.igpdebenlloch.com\/wp-content\/uploads\/2021\/01\/Dani-Ruano-640x640.jpg 640w, https:\/\/cria.igpdebenlloch.com\/wp-content\/uploads\/2021\/01\/Dani-Ruano-960x960.jpg 960w\" sizes=\"auto, (max-width: 329px) 100vw, 329px\" \/><figcaption>Dani Ruano<\/figcaption><\/figure><\/div>\n\n\n\n<a name=\"arriba\"><\/a>\n\n\n\n<p>Entrevistado: Dani Ruano&nbsp;&nbsp;&nbsp;&nbsp;&nbsp;&nbsp;&nbsp;&nbsp;&nbsp;&nbsp;&nbsp;&nbsp;&nbsp;&nbsp;&nbsp;&nbsp;&nbsp;&nbsp;&nbsp;&nbsp;&nbsp;&nbsp;&nbsp;&nbsp;&nbsp;&nbsp;&nbsp;&nbsp;&nbsp;&nbsp;&nbsp;&nbsp;&nbsp;&nbsp;&nbsp;&nbsp;&nbsp;&nbsp;&nbsp;Fecha: 11\/4\/20<\/p>\n\n\n\n<p>&nbsp;&nbsp;&nbsp;&nbsp;&nbsp;&nbsp;&nbsp;&nbsp;&nbsp;&nbsp;&nbsp;&nbsp;&nbsp;&nbsp;&nbsp;&nbsp;&nbsp;&nbsp;&nbsp;&nbsp;&nbsp;&nbsp;&nbsp;&nbsp;&nbsp;&nbsp;&nbsp;&nbsp;&nbsp;&nbsp;&nbsp; GUIA Y CRIADOR IGP<\/p>\n\n\n\n<p>Cualidades del gu\u00eda<\/p>\n\n\n\n<ul class=\"wp-block-list\"><li>B\u00e1sico: objetivos del gu\u00eda<\/li><li>Learning Process<\/li><li>Balance (Drive pelota &#8211; Instinto)<\/li><li>La Gesti\u00f3n<\/li><\/ul>\n\n\n\n<p>Selecci\u00f3n Jueces (Agresi\u00f3n)<\/p>\n\n\n\n<p>Calidad Perro \u2013 Enfrentamiento\/Ladrido<\/p>\n\n\n\n<ul class=\"wp-block-list\"><li>Si es bueno en protecci\u00f3n es bueno en rastro<\/li><li>A los j\u00f3venes se les trabaja poco en defensa (por salud)<\/li><\/ul>\n\n\n\n<p>Prueba a los 3 meses antes del cambio de dientes, a los 5 \u00f3 6 meses otra prueba(Ladrido). Hasta los 9, 10, 11 meses no empezar.<\/p>\n\n\n\n<ul class=\"wp-block-list\"><li>En la vida real ya se encuentran esas sensaciones (lagartija, gato, etc.)<\/li><\/ul>\n\n\n\n<p>La defensa, inseguridad y agresi\u00f3n son diferentes.<\/p>\n\n\n\n<p>Hay que salir y ver que hay fuera.<\/p>\n\n\n\n<p>Libro recomendado de Peter Scherk.<\/p>\n\n\n\n<figure class=\"wp-block-audio caption-align-center\"><audio controls src=\"http:\/\/cria.igpdebenlloch.com\/wp-content\/uploads\/2021\/01\/Ponencia-Dani-Ruano-Google-Chrome-2020-12-05.mp3\" preload=\"auto\"><\/audio><figcaption>Entrevista Dani Ruano 5\/12\/20<\/figcaption><\/figure>\n\n\n\n<a href=\"#arriba\">Subir<\/a>\n","protected":false},"excerpt":{"rendered":"<p>Entrevistado: Dani Ruano&nbsp;&nbsp;&nbsp;&nbsp;&nbsp;&nbsp;&nbsp;&nbsp;&nbsp;&nbsp;&nbsp;&nbsp;&nbsp;&nbsp;&nbsp;&nbsp;&nbsp;&nbsp;&nbsp;&nbsp;&nbsp;&nbsp;&nbsp;&nbsp;&nbsp;&nbsp;&nbsp;&nbsp;&nbsp;&nbsp;&nbsp;&nbsp;&nbsp;&nbsp;&nbsp;&nbsp;&nbsp;&nbsp;&nbsp;Fecha: 11\/4\/20 &nbsp;&nbsp;&nbsp;&nbsp;&nbsp;&nbsp;&nbsp;&nbsp;&nbsp;&nbsp;&nbsp;&nbsp;&nbsp;&nbsp;&nbsp;&nbsp;&nbsp;&nbsp;&nbsp;&nbsp;&nbsp;&nbsp;&nbsp;&nbsp;&nbsp;&nbsp;&nbsp;&nbsp;&nbsp;&nbsp;&nbsp; GUIA Y CRIADOR IGP Cualidades del gu\u00eda B\u00e1sico: objetivos del gu\u00eda Learning Process Balance (Drive pelota &#8211; Instinto) La Gesti\u00f3n Selecci\u00f3n Jueces (Agresi\u00f3n) Calidad Perro \u2013 Enfrentamiento\/Ladrido Si es bueno en protecci\u00f3n es bueno en rastro A los j\u00f3venes se les trabaja poco en defensa (por salud) Prueba a los [&hellip;]<\/p>\n","protected":false},"author":1,"featured_media":0,"parent":0,"menu_order":0,"comment_status":"closed","ping_status":"closed","template":"","meta":{"_acf_changed":false,"_editorskit_title_hidden":true,"_editorskit_reading_time":1,"_editorskit_is_block_options_detached":false,"_editorskit_block_options_position":"{}","_uag_custom_page_level_css":"","site-sidebar-layout":"default","site-content-layout":"default","ast-site-content-layout":"default","site-content-style":"default","site-sidebar-style":"default","ast-global-header-display":"","ast-banner-title-visibility":"","ast-main-header-display":"","ast-hfb-above-header-display":"","ast-hfb-below-header-display":"","ast-hfb-mobile-header-display":"","site-post-title":"","ast-breadcrumbs-content":"","ast-featured-img":"","footer-sml-layout":"","theme-transparent-header-meta":"default","adv-header-id-meta":"","stick-header-meta":"","header-above-stick-meta":"","header-main-stick-meta":"","header-below-stick-meta":"","astra-migrate-meta-layouts":"default","ast-page-background-enabled":"default","ast-page-background-meta":{"desktop":{"background-color":"","background-image":"","background-repeat":"repeat","background-position":"center center","background-size":"auto","background-attachment":"scroll","background-type":"","background-media":"","overlay-type":"","overlay-color":"","overlay-opacity":"","overlay-gradient":""},"tablet":{"background-color":"","background-image":"","background-repeat":"repeat","background-position":"center center","background-size":"auto","background-attachment":"scroll","background-type":"","background-media":"","overlay-type":"","overlay-color":"","overlay-opacity":"","overlay-gradient":""},"mobile":{"background-color":"","background-image":"","background-repeat":"repeat","background-position":"center center","background-size":"auto","background-attachment":"scroll","background-type":"","background-media":"","overlay-type":"","overlay-color":"","overlay-opacity":"","overlay-gradient":""}},"ast-content-background-meta":{"desktop":{"background-color":"var(--ast-global-color-5)","background-image":"","background-repeat":"repeat","background-position":"center center","background-size":"auto","background-attachment":"scroll","background-type":"","background-media":"","overlay-type":"","overlay-color":"","overlay-opacity":"","overlay-gradient":""},"tablet":{"background-color":"var(--ast-global-color-5)","background-image":"","background-repeat":"repeat","background-position":"center center","background-size":"auto","background-attachment":"scroll","background-type":"","background-media":"","overlay-type":"","overlay-color":"","overlay-opacity":"","overlay-gradient":""},"mobile":{"background-color":"var(--ast-global-color-5)","background-image":"","background-repeat":"repeat","background-position":"center center","background-size":"auto","background-attachment":"scroll","background-type":"","background-media":"","overlay-type":"","overlay-color":"","overlay-opacity":"","overlay-gradient":""}},"footnotes":""},"class_list":["post-1904","page","type-page","status-publish","hentry"],"acf":[],"uagb_featured_image_src":{"full":false,"thumbnail":false,"medium":false,"medium_large":false,"large":false,"1536x1536":false,"2048x2048":false,"cosmic-thumbnail-50xAUTO":false,"cosmic-thumbnail-AUTOx50":false,"cosmic-thumbnail-100xAUTO":false,"cosmic-thumbnail-AUTOx100":false,"cosmic-thumbnail-100x100":false,"cosmic-thumbnail-150x150":false,"cosmic-thumbnail-300x225":false,"cosmic-thumbnail-640x640":false,"cosmic-thumbnail-AUTOx640":false,"cosmic-thumbnail-640xAUTO":false,"cosmic-thumbnail-960x960":false,"cosmic-thumbnail-AUTOx960":false,"cosmic-thumbnail-960xAUTO":false,"cosmic-thumbnail-1024x768":false,"cosmic-thumbnail-AUTOx768":false,"cosmic-thumbnail-1024xAUTO":false,"cosmic-thumbnail-1920x1080":false,"cosmic-thumbnail-AUTOx1080":false,"cosmic-thumbnail-1920xAUTO":false},"uagb_author_info":{"display_name":"xavier","author_link":"https:\/\/cria.igpdebenlloch.com\/index.php\/author\/xavier\/"},"uagb_comment_info":0,"uagb_excerpt":"Entrevistado: Dani Ruano&nbsp;&nbsp;&nbsp;&nbsp;&nbsp;&nbsp;&nbsp;&nbsp;&nbsp;&nbsp;&nbsp;&nbsp;&nbsp;&nbsp;&nbsp;&nbsp;&nbsp;&nbsp;&nbsp;&nbsp;&nbsp;&nbsp;&nbsp;&nbsp;&nbsp;&nbsp;&nbsp;&nbsp;&nbsp;&nbsp;&nbsp;&nbsp;&nbsp;&nbsp;&nbsp;&nbsp;&nbsp;&nbsp;&nbsp;Fecha: 11\/4\/20 &nbsp;&nbsp;&nbsp;&nbsp;&nbsp;&nbsp;&nbsp;&nbsp;&nbsp;&nbsp;&nbsp;&nbsp;&nbsp;&nbsp;&nbsp;&nbsp;&nbsp;&nbsp;&nbsp;&nbsp;&nbsp;&nbsp;&nbsp;&nbsp;&nbsp;&nbsp;&nbsp;&nbsp;&nbsp;&nbsp;&nbsp; GUIA Y CRIADOR IGP Cualidades del gu\u00eda B\u00e1sico: objetivos del gu\u00eda Learning Process Balance (Drive pelota &#8211; Instinto) La Gesti\u00f3n Selecci\u00f3n Jueces (Agresi\u00f3n) Calidad Perro \u2013 Enfrentamiento\/Ladrido Si es bueno en protecci\u00f3n es bueno en rastro A los j\u00f3venes se les trabaja poco en defensa (por salud) Prueba a los&hellip;","_links":{"self":[{"href":"https:\/\/cria.igpdebenlloch.com\/index.php\/wp-json\/wp\/v2\/pages\/1904","targetHints":{"allow":["GET"]}}],"collection":[{"href":"https:\/\/cria.igpdebenlloch.com\/index.php\/wp-json\/wp\/v2\/pages"}],"about":[{"href":"https:\/\/cria.igpdebenlloch.com\/index.php\/wp-json\/wp\/v2\/types\/page"}],"author":[{"embeddable":true,"href":"https:\/\/cria.igpdebenlloch.com\/index.php\/wp-json\/wp\/v2\/users\/1"}],"replies":[{"embeddable":true,"href":"https:\/\/cria.igpdebenlloch.com\/index.php\/wp-json\/wp\/v2\/comments?post=1904"}],"version-history":[{"count":12,"href":"https:\/\/cria.igpdebenlloch.com\/index.php\/wp-json\/wp\/v2\/pages\/1904\/revisions"}],"predecessor-version":[{"id":2133,"href":"https:\/\/cria.igpdebenlloch.com\/index.php\/wp-json\/wp\/v2\/pages\/1904\/revisions\/2133"}],"wp:attachment":[{"href":"https:\/\/cria.igpdebenlloch.com\/index.php\/wp-json\/wp\/v2\/media?parent=1904"}],"curies":[{"name":"wp","href":"https:\/\/api.w.org\/{rel}","templated":true}]}}